{"id":1028,"date":"2021-12-30T12:02:02","date_gmt":"2021-12-30T11:02:02","guid":{"rendered":"https:\/\/kroznogospodarstvo.novikrog.si\/?page_id=1028"},"modified":"2022-10-19T10:30:38","modified_gmt":"2022-10-19T08:30:38","slug":"piskotki","status":"publish","type":"page","link":"https:\/\/kroznogospodarstvo.novikrog.si\/en\/piskotki\/","title":{"rendered":"Cookies"},"content":{"rendered":"<div data-elementor-type=\"wp-page\" data-elementor-id=\"1028\" class=\"elementor elementor-1028\">\n\t\t\t\t\t\t\t\t\t<section class=\"elementor-section elementor-top-section elementor-element elementor-element-538b64b3 elementor-section-height-min-height elementor-section-boxed elementor-section-height-default elementor-section-items-middle\" data-id=\"538b64b3\" data-element_type=\"section\" data-settings=\"{&quot;background_background&quot;:&quot;gradient&quot;,&quot;shape_divider_bottom&quot;:&quot;waves&quot;}\">\n\t\t\t\t\t\t\t<div class=\"elementor-background-overlay\"><\/div>\n\t\t\t\t\t\t<div class=\"elementor-shape elementor-shape-bottom\" data-negative=\"false\">\n\t\t\t<svg xmlns=\"http:\/\/www.w3.org\/2000\/svg\" viewbox=\"0 0 1000 100\" preserveaspectratio=\"none\">\n\t<path class=\"elementor-shape-fill\" d=\"M421.9,6.5c22.6-2.5,51.5,0.4,75.5,5.3c23.6,4.9,70.9,23.5,100.5,35.7c75.8,32.2,133.7,44.5,192.6,49.7\tc23.6,2.1,48.7,3.5,103.4-2.5c54.7-6,106.2-25.6,106.2-25.6V0H0v30.3c0,0,72,32.6,158.4,30.5c39.2-0.7,92.8-6.7,134-22.4\tc21.2-8.1,52.2-18.2,79.7-24.2C399.3,7.9,411.6,7.5,421.9,6.5z\"\/>\n<\/svg>\t\t<\/div>\n\t\t\t\t\t<div class=\"elementor-container elementor-column-gap-default\">\n\t\t\t\t\t<div class=\"elementor-column elementor-col-100 elementor-top-column elementor-element elementor-element-404210fb\" data-id=\"404210fb\" data-element_type=\"column\">\n\t\t\t<div class=\"elementor-widget-wrap elementor-element-populated\">\n\t\t\t\t\t\t\t\t<div class=\"elementor-element elementor-element-7f802695 elementor-widget elementor-widget-heading\" data-id=\"7f802695\" data-element_type=\"widget\" data-widget_type=\"heading.default\">\n\t\t\t\t<div class=\"elementor-widget-container\">\n\t\t\t<style>\/*! elementor - v3.7.7 - 20-09-2022 *\/\n.elementor-heading-title{padding:0;margin:0;line-height:1}.elementor-widget-heading .elementor-heading-title[class*=elementor-size-]>a{color:inherit;font-size:inherit;line-height:inherit}.elementor-widget-heading .elementor-heading-title.elementor-size-small{font-size:15px}.elementor-widget-heading .elementor-heading-title.elementor-size-medium{font-size:19px}.elementor-widget-heading .elementor-heading-title.elementor-size-large{font-size:29px}.elementor-widget-heading .elementor-heading-title.elementor-size-xl{font-size:39px}.elementor-widget-heading .elementor-heading-title.elementor-size-xxl{font-size:59px}<\/style><h2 class=\"elementor-heading-title elementor-size-default\">The NovIKroG Project<\/h2>\t\t<\/div>\n\t\t\t\t<\/div>\n\t\t\t\t<div class=\"elementor-element elementor-element-5b21a840 elementor-widget elementor-widget-heading\" data-id=\"5b21a840\" data-element_type=\"widget\" data-widget_type=\"heading.default\">\n\t\t\t\t<div class=\"elementor-widget-container\">\n\t\t\t<h1 class=\"elementor-heading-title elementor-size-default\">Cookies<\/h1>\t\t<\/div>\n\t\t\t\t<\/div>\n\t\t\t\t\t<\/div>\n\t\t<\/div>\n\t\t\t\t\t\t\t<\/div>\n\t\t<\/section>\n\t\t\t\t<section class=\"elementor-section elementor-top-section elementor-element elementor-element-5abd8936 elementor-section-boxed elementor-section-height-default elementor-section-height-default\" data-id=\"5abd8936\" data-element_type=\"section\" data-settings=\"{&quot;background_background&quot;:&quot;classic&quot;}\">\n\t\t\t\t\t\t\t<div class=\"elementor-background-overlay\"><\/div>\n\t\t\t\t\t\t\t<div class=\"elementor-container elementor-column-gap-default\">\n\t\t\t\t\t<div class=\"elementor-column elementor-col-100 elementor-top-column elementor-element elementor-element-cb58dcf\" data-id=\"cb58dcf\" data-element_type=\"column\">\n\t\t\t<div class=\"elementor-widget-wrap elementor-element-populated\">\n\t\t\t\t\t\t\t\t<div class=\"elementor-element elementor-element-e7a8f58 elementor-widget elementor-widget-text-editor\" data-id=\"e7a8f58\" data-element_type=\"widget\" data-widget_type=\"text-editor.default\">\n\t\t\t\t<div class=\"elementor-widget-container\">\n\t\t\t<style>\/*! elementor - v3.7.7 - 20-09-2022 *\/\n.elementor-widget-text-editor.elementor-drop-cap-view-stacked .elementor-drop-cap{background-color:#818a91;color:#fff}.elementor-widget-text-editor.elementor-drop-cap-view-framed .elementor-drop-cap{color:#818a91;border:3px solid;background-color:transparent}.elementor-widget-text-editor:not(.elementor-drop-cap-view-default) .elementor-drop-cap{margin-top:8px}.elementor-widget-text-editor:not(.elementor-drop-cap-view-default) .elementor-drop-cap-letter{width:1em;height:1em}.elementor-widget-text-editor .elementor-drop-cap{float:left;text-align:center;line-height:1;font-size:50px}.elementor-widget-text-editor .elementor-drop-cap-letter{display:inline-block}<\/style>\t\t\t\t<h2 class=\"has-medium-font-size\">The use of cookies on the NovIKrog.si website<\/h2><p>The Electronic Communications Act (ZEKom-1) and the EU General Data Protection Regulation (GDPR) regulate the rules regarding the use of cookies and similar technologies for data storage or access to data stored on your computer or mobile device.<br \/><br \/><\/p><h2 class=\"has-medium-font-size\">What are cookies?<\/h2><p>Cookies are small text files that are stored on your computer or mobile device when you visit a website. Cookies usually contain the name of the server from which the cookie has been sent \u2013 cookie life and value, which is usually some randomly generated unique number. Cookies on the website <a href=\"https:\/\/kroznogospodarstvo.novikrog.si\/en\/\">www.kroznogospodarstvo.novikrog.si<\/a> provide a better user experience and allow you to use the website and the functionality on the site and collect aggregated information on its use.<\/p><p>Cookies by themselves do not enable your identification and it is not possible to identify who you are only through cookies.<br \/><br \/><\/p><h2 class=\"has-medium-font-size\">Cookie settings in your browser<\/h2><p>You can also control the installation of cookies on your device using the settings in your browser. In the event of a change in the conditions of cookies, we will delete all previous cookies in our management and install new ones in accordance with the newly published conditions. We cannot delete cookies that have been installed on our website and are managed by others (e.g. Google, etc.), you can do this yourself in your browser settings. You can read instructions for controlling cookies through the browser settings at the links below:<\/p><ul><li>Internet Explorer \u2013 click for instructions <a href=\"https:\/\/support.microsoft.com\/sl-si\/windows\/brisanje-in-upravljanje-pi%C5%A1kotkov-168dab11-0753-043d-7c16-ede5947fc64d\" target=\"_blank\" rel=\"noopener\">HERE<\/a><\/li><li>Google Chrome \u2013 click for instructions <a href=\"https:\/\/support.google.com\/chrome\/answer\/95647?hl=sl-sl&amp;p=cpn_cookies\" target=\"_blank\" rel=\"noopener\">HERE<\/a><\/li><li>Mozilla Firefox \u2013 click for instructions <a href=\"https:\/\/support.mozilla.org\/sl\/kb\/izboljsana-zascita-pred-sledenjem?redirectlocale=sl&amp;redirectslug=kako-omogocite-onemogocite-piskotke\" target=\"_blank\" rel=\"noopener\">HERE<\/a><\/li><li>Opera \u2013 click for instructions <a href=\"https:\/\/help.opera.com\/en\/latest\/web-preferences\/\" target=\"_blank\" rel=\"noopener\">HERE<\/a><\/li><li>Safari \u2013 click for instructions <a href=\"https:\/\/support.apple.com\/sl-si\/guide\/safari\/sfri11471\/mac\" target=\"_blank\" rel=\"noopener\">HERE<\/a><\/li><\/ul>\t\t\t\t\t\t<\/div>\n\t\t\t\t<\/div>\n\t\t\t\t\t<\/div>\n\t\t<\/div>\n\t\t\t\t\t\t\t<\/div>\n\t\t<\/section>\n\t\t\t\t\t\t\t<\/div>","protected":false},"excerpt":{"rendered":"<p>Projekt NovIKroG Pi\u0161kotki Uporaba pi\u0161kotkov na spletnih straneh NovIKroG.si Pravila glede uporabe pi\u0161kotkov in podobnih tehnologij za shranjevanje podatkov ali dostop do podatkov, shranjenih na va\u0161em ra\u010dunalniku ali mobilni napravi, urejata Zakon o elektronskih komunikacijah (ZEKom-1) in Splo\u0161na uredba EU o varstvu podatkov (angl. General Data Protection Regulation \u2013 GDPR). Kaj so pi\u0161kotki? Pi\u0161kotki so [&hellip;]<\/p>","protected":false},"author":1,"featured_media":0,"parent":0,"menu_order":0,"comment_status":"closed","ping_status":"closed","template":"elementor_header_footer","meta":{"footnotes":""},"class_list":["post-1028","page","type-page","status-publish","hentry"],"uagb_featured_image_src":{"full":false,"thumbnail":false,"medium":false,"medium_large":false,"large":false,"1536x1536":false,"2048x2048":false,"trp-custom-language-flag":false},"uagb_author_info":{"display_name":"bizon","author_link":"https:\/\/kroznogospodarstvo.novikrog.si\/en\/author\/bizon\/"},"uagb_comment_info":0,"uagb_excerpt":"Projekt NovIKroG Pi\u0161kotki Uporaba pi\u0161kotkov na spletnih straneh NovIKroG.si Pravila glede uporabe pi\u0161kotkov in podobnih tehnologij za shranjevanje podatkov ali dostop do podatkov, shranjenih na va\u0161em ra\u010dunalniku ali mobilni napravi, urejata Zakon o elektronskih komunikacijah (ZEKom-1) in Splo\u0161na uredba EU o varstvu podatkov (angl. General Data Protection Regulation \u2013 GDPR). Kaj so pi\u0161kotki? Pi\u0161kotki so&hellip;","_links":{"self":[{"href":"https:\/\/kroznogospodarstvo.novikrog.si\/en\/wp-json\/wp\/v2\/pages\/1028","targetHints":{"allow":["GET"]}}],"collection":[{"href":"https:\/\/kroznogospodarstvo.novikrog.si\/en\/wp-json\/wp\/v2\/pages"}],"about":[{"href":"https:\/\/kroznogospodarstvo.novikrog.si\/en\/wp-json\/wp\/v2\/types\/page"}],"author":[{"embeddable":true,"href":"https:\/\/kroznogospodarstvo.novikrog.si\/en\/wp-json\/wp\/v2\/users\/1"}],"replies":[{"embeddable":true,"href":"https:\/\/kroznogospodarstvo.novikrog.si\/en\/wp-json\/wp\/v2\/comments?post=1028"}],"version-history":[{"count":35,"href":"https:\/\/kroznogospodarstvo.novikrog.si\/en\/wp-json\/wp\/v2\/pages\/1028\/revisions"}],"predecessor-version":[{"id":1967,"href":"https:\/\/kroznogospodarstvo.novikrog.si\/en\/wp-json\/wp\/v2\/pages\/1028\/revisions\/1967"}],"wp:attachment":[{"href":"https:\/\/kroznogospodarstvo.novikrog.si\/en\/wp-json\/wp\/v2\/media?parent=1028"}],"curies":[{"name":"wp","href":"https:\/\/api.w.org\/{rel}","templated":true}]}}